{"id":5248,"date":"2023-03-01T08:13:24","date_gmt":"2023-03-01T07:13:24","guid":{"rendered":"https:\/\/waldseilpark.erlebniswelt-kahlenberg.at\/?page_id=5248"},"modified":"2024-08-14T13:33:10","modified_gmt":"2024-08-14T11:33:10","slug":"presse","status":"publish","type":"page","link":"https:\/\/waldseilpark.erlebniswelt-kahlenberg.at\/en_us\/presse\/","title":{"rendered":"Press"},"content":{"rendered":"\t\t<div data-elementor-type=\"wp-post\" data-elementor-id=\"5248\" class=\"elementor elementor-5248\" data-elementor-post-type=\"page\">\n\t\t\t\t\t\t<section class=\"elementor-section elementor-top-section elementor-element elementor-element-ca77232 elementor-section-height-min-height elementor-section-content-middle elementor-section-boxed elementor-section-height-default elementor-section-items-middle\" data-id=\"ca77232\" data-element_type=\"section\" data-e-type=\"section\" data-settings=\"{&quot;background_background&quot;:&quot;slideshow&quot;,&quot;shape_divider_bottom&quot;:&quot;mountains&quot;,&quot;background_slideshow_gallery&quot;:[{&quot;id&quot;:5404,&quot;url&quot;:&quot;https:\\\/\\\/waldseilpark.erlebniswelt-kahlenberg.at\\\/wp-content\\\/uploads\\\/2023\\\/07\\\/IMG_8714-scaled.jpg&quot;},{&quot;id&quot;:5398,&quot;url&quot;:&quot;https:\\\/\\\/waldseilpark.erlebniswelt-kahlenberg.at\\\/wp-content\\\/uploads\\\/2023\\\/07\\\/IMG_8689-scaled.jpg&quot;},{&quot;id&quot;:5399,&quot;url&quot;:&quot;https:\\\/\\\/waldseilpark.erlebniswelt-kahlenberg.at\\\/wp-content\\\/uploads\\\/2023\\\/07\\\/IMG_9850-scaled.jpg&quot;}],&quot;background_slideshow_ken_burns&quot;:&quot;yes&quot;,&quot;background_slideshow_loop&quot;:&quot;yes&quot;,&quot;background_slideshow_slide_duration&quot;:5000,&quot;background_slideshow_slide_transition&quot;:&quot;fade&quot;,&quot;background_slideshow_transition_duration&quot;:500,&quot;background_slideshow_ken_burns_zoom_direction&quot;:&quot;in&quot;}\">\n\t\t\t\t\t\t\t<div class=\"elementor-background-overlay\"><\/div>\n\t\t\t\t\t\t<div class=\"elementor-shape elementor-shape-bottom\" aria-hidden=\"true\" data-negative=\"false\">\n\t\t\t<svg xmlns=\"http:\/\/www.w3.org\/2000\/svg\" viewBox=\"0 0 1000 100\" preserveAspectRatio=\"none\">\n\t<path class=\"elementor-shape-fill\" opacity=\"0.33\" d=\"M473,67.3c-203.9,88.3-263.1-34-320.3,0C66,119.1,0,59.7,0,59.7V0h1000v59.7 c0,0-62.1,26.1-94.9,29.3c-32.8,3.3-62.8-12.3-75.8-22.1C806,49.6,745.3,8.7,694.9,4.7S492.4,59,473,67.3z\"\/>\n\t<path class=\"elementor-shape-fill\" opacity=\"0.66\" d=\"M734,67.3c-45.5,0-77.2-23.2-129.1-39.1c-28.6-8.7-150.3-10.1-254,39.1 s-91.7-34.4-149.2,0C115.7,118.3,0,39.8,0,39.8V0h1000v36.5c0,0-28.2-18.5-92.1-18.5C810.2,18.1,775.7,67.3,734,67.3z\"\/>\n\t<path class=\"elementor-shape-fill\" d=\"M766.1,28.9c-200-57.5-266,65.5-395.1,19.5C242,1.8,242,5.4,184.8,20.6C128,35.8,132.3,44.9,89.9,52.5C28.6,63.7,0,0,0,0 h1000c0,0-9.9,40.9-83.6,48.1S829.6,47,766.1,28.9z\"\/>\n<\/svg>\t\t<\/div>\n\t\t\t\t\t<div class=\"elementor-container elementor-column-gap-default\">\n\t\t\t\t\t<div class=\"elementor-column elementor-col-100 elementor-top-column elementor-element elementor-element-ae81017\" data-id=\"ae81017\" data-element_type=\"column\" data-e-type=\"column\">\n\t\t\t<div class=\"elementor-widget-wrap\">\n\t\t\t\t\t\t\t<\/div>\n\t\t<\/div>\n\t\t\t\t\t<\/div>\n\t\t<\/section>\n\t\t\t\t<section class=\"elementor-section elementor-top-section elementor-element elementor-element-9b045a7 elementor-section-boxed elementor-section-height-default elementor-section-height-default\" data-id=\"9b045a7\" data-element_type=\"section\" data-e-type=\"section\">\n\t\t\t\t\t\t<div class=\"elementor-container elementor-column-gap-default\">\n\t\t\t\t\t<div class=\"elementor-column elementor-col-100 elementor-top-column elementor-element elementor-element-d0063db\" data-id=\"d0063db\" data-element_type=\"column\" data-e-type=\"column\">\n\t\t\t<div class=\"elementor-widget-wrap elementor-element-populated\">\n\t\t\t\t\t\t<div class=\"elementor-element elementor-element-b464f9f elementor-widget elementor-widget-heading\" data-id=\"b464f9f\" data-element_type=\"widget\" data-e-type=\"widget\" data-widget_type=\"heading.default\">\n\t\t\t\t<div class=\"elementor-widget-container\">\n\t\t\t\t\t<h2 class=\"elementor-heading-title elementor-size-default\">Presse<\/h2>\t\t\t\t<\/div>\n\t\t\t\t<\/div>\n\t\t\t\t\t<\/div>\n\t\t<\/div>\n\t\t\t\t\t<\/div>\n\t\t<\/section>\n\t\t\t\t<section class=\"elementor-section elementor-top-section elementor-element elementor-element-04dac91 elementor-section-boxed elementor-section-height-default elementor-section-height-default\" data-id=\"04dac91\" data-element_type=\"section\" data-e-type=\"section\">\n\t\t\t\t\t\t<div class=\"elementor-container elementor-column-gap-wider\">\n\t\t\t\t\t<div class=\"elementor-column elementor-col-50 elementor-top-column elementor-element elementor-element-0a8825d\" data-id=\"0a8825d\" data-element_type=\"column\" data-e-type=\"column\" data-settings=\"{&quot;background_background&quot;:&quot;classic&quot;}\">\n\t\t\t<div class=\"elementor-widget-wrap elementor-element-populated\">\n\t\t\t\t\t\t<div class=\"elementor-element elementor-element-6e4e2ac elementor-widget elementor-widget-heading\" data-id=\"6e4e2ac\" data-element_type=\"widget\" data-e-type=\"widget\" data-widget_type=\"heading.default\">\n\t\t\t\t<div class=\"elementor-widget-container\">\n\t\t\t\t\t<h2 class=\"elementor-heading-title elementor-size-default\">Presseinfo<\/h2>\t\t\t\t<\/div>\n\t\t\t\t<\/div>\n\t\t\t\t<div class=\"elementor-element elementor-element-c551014 elementor-align-start elementor-icon-list--layout-traditional elementor-list-item-link-full_width elementor-widget elementor-widget-icon-list\" data-id=\"c551014\" data-element_type=\"widget\" data-e-type=\"widget\" data-widget_type=\"icon-list.default\">\n\t\t\t\t<div class=\"elementor-widget-container\">\n\t\t\t\t\t\t\t<ul class=\"elementor-icon-list-items\">\n\t\t\t\t\t\t\t<li class=\"elementor-icon-list-item\">\n\t\t\t\t\t\t\t\t\t\t\t<a href=\"https:\/\/waldseilpark.erlebniswelt-kahlenberg.at\/wp-content\/uploads\/2023\/03\/Presseinfo-Erlebniswelt-Kahlenberg_Maerz-2023-1.pdf\" target=\"_blank\">\n\n\t\t\t\t\t\t\t\t\t\t\t\t<span class=\"elementor-icon-list-icon\">\n\t\t\t\t\t\t\t<i aria-hidden=\"true\" class=\"fas fa-file-download\"><\/i>\t\t\t\t\t\t<\/span>\n\t\t\t\t\t\t\t\t\t\t<span class=\"elementor-icon-list-text\">Ab 03. M\u00e4rz hat die Erlebniswelt Kahlenberg wieder ge\u00f6ffnet!<\/span>\n\t\t\t\t\t\t\t\t\t\t\t<\/a>\n\t\t\t\t\t\t\t\t\t<\/li>\n\t\t\t\t\t\t<\/ul>\n\t\t\t\t\t\t<\/div>\n\t\t\t\t<\/div>\n\t\t\t\t<div class=\"elementor-element elementor-element-98a72c6 elementor-align-left elementor-tablet-align-center elementor-widget elementor-widget-button\" data-id=\"98a72c6\" data-element_type=\"widget\" data-e-type=\"widget\" data-widget_type=\"button.default\">\n\t\t\t\t<div class=\"elementor-widget-container\">\n\t\t\t\t\t\t\t\t\t<div class=\"elementor-button-wrapper\">\n\t\t\t\t\t<a class=\"elementor-button elementor-button-link elementor-size-lg\" href=\"https:\/\/www.erlebniswelt-kahlenberg.at\/wp-content\/uploads\/Pressebilder.zip\" target=\"_blank\">\n\t\t\t\t\t\t<span class=\"elementor-button-content-wrapper\">\n\t\t\t\t\t\t<span class=\"elementor-button-icon\">\n\t\t\t\t<i aria-hidden=\"true\" class=\"fas fa-file-download\"><\/i>\t\t\t<\/span>\n\t\t\t\t\t\t\t\t\t<span class=\"elementor-button-text\">Pressebilder<\/span>\n\t\t\t\t\t<\/span>\n\t\t\t\t\t<\/a>\n\t\t\t\t<\/div>\n\t\t\t\t\t\t\t\t<\/div>\n\t\t\t\t<\/div>\n\t\t\t\t<div class=\"elementor-element elementor-element-7274b65 elementor-widget elementor-widget-text-editor\" data-id=\"7274b65\" data-element_type=\"widget\" data-e-type=\"widget\" data-widget_type=\"text-editor.default\">\n\t\t\t\t<div class=\"elementor-widget-container\">\n\t\t\t\t\t\t\t\t\t<p>\u00a9 HOCH4 Erlebniswelt Leopoldsberg Betriebs GmbH<br \/>ca. 452 MB<\/p>\t\t\t\t\t\t\t\t<\/div>\n\t\t\t\t<\/div>\n\t\t\t\t\t<\/div>\n\t\t<\/div>\n\t\t\t\t<div class=\"elementor-column elementor-col-50 elementor-top-column elementor-element elementor-element-743b4d3\" data-id=\"743b4d3\" data-element_type=\"column\" data-e-type=\"column\" data-settings=\"{&quot;background_background&quot;:&quot;classic&quot;}\">\n\t\t\t<div class=\"elementor-widget-wrap elementor-element-populated\">\n\t\t\t\t\t\t<div class=\"elementor-element elementor-element-1605502 elementor-widget elementor-widget-heading\" data-id=\"1605502\" data-element_type=\"widget\" data-e-type=\"widget\" data-widget_type=\"heading.default\">\n\t\t\t\t<div class=\"elementor-widget-container\">\n\t\t\t\t\t<h2 class=\"elementor-heading-title elementor-size-default\">PresseKontakt<\/h2>\t\t\t\t<\/div>\n\t\t\t\t<\/div>\n\t\t\t\t<div class=\"elementor-element elementor-element-9d884df elementor-widget elementor-widget-text-editor\" data-id=\"9d884df\" data-element_type=\"widget\" data-e-type=\"widget\" data-widget_type=\"text-editor.default\">\n\t\t\t\t<div class=\"elementor-widget-container\">\n\t\t\t\t\t\t\t\t\t<p><b>HOCH4 Erlebniswelt Leopoldsberg Betriebs GmbH<br \/><\/b><br \/>Christian Martinek, MA<br \/>Tel.: +43 1 407 31 30 0<br \/><br \/>E-Mail: <a href=\"mailto:presse@erlebniswelt-kahlenberg.at\">presse@erlebniswelt-kahlenberg.at<\/a><br \/>www.erlebniswelt-kahlenberg.at<\/p>\t\t\t\t\t\t\t\t<\/div>\n\t\t\t\t<\/div>\n\t\t\t\t\t<\/div>\n\t\t<\/div>\n\t\t\t\t\t<\/div>\n\t\t<\/section>\n\t\t\t\t<section class=\"elementor-section elementor-top-section elementor-element elementor-element-1ec1709 elementor-section-boxed elementor-section-height-default elementor-section-height-default\" data-id=\"1ec1709\" data-element_type=\"section\" data-e-type=\"section\">\n\t\t\t\t\t\t<div class=\"elementor-container elementor-column-gap-default\">\n\t\t\t\t\t<div class=\"elementor-column elementor-col-100 elementor-top-column elementor-element elementor-element-a8616eb\" data-id=\"a8616eb\" data-element_type=\"column\" data-e-type=\"column\">\n\t\t\t<div class=\"elementor-widget-wrap elementor-element-populated\">\n\t\t\t\t\t\t<div class=\"elementor-element elementor-element-b3387e0 elementor-widget elementor-widget-text-editor\" data-id=\"b3387e0\" data-element_type=\"widget\" data-e-type=\"widget\" data-widget_type=\"text-editor.default\">\n\t\t\t\t<div class=\"elementor-widget-container\">\n\t\t\t\t\t\t\t\t\t<p><b>Bildrechte Pressefotos<br \/><\/b> Wenn Sie Bilder von dieser Website herunterladen, akzeptieren Sie folgende Nutzungsrechte:<\/p><p>Alle Urheberrechte verbleiben bei den Rechteinhaber HOCH4 Erlebniswelt Leopoldsberg Betriebs GmbH<br \/>und, soweit angegeben, dem Fotografen.<\/p><p>Jegliche kommerzielle Verwendung (dazu z\u00e4hlt unter anderem die Ver\u00f6ffentlichung in Brosch\u00fcren, die Verwendung in Anzeigen oder auf Websites von Unternehmen, etc.) der Bilder, auch in ver\u00e4nderter Form, ist nur nach ausdr\u00fccklicher Genehmigung durch die HOCH4 Erlebniswelt Leopoldsberg Betriebs GmbH<br \/>gestattet (Anfragen bitte per E-Mail an presse@erlebniswelt-kahlenberg.at).<\/p><p>Die Verwendung f\u00fcr redaktionelle Berichterstattungen durch Tages-, Wochen-, Monats- oder quartalsaktuelle Zeitungen sowie Nachrichten- und Wirtschaftsmagazine oder Online-Medien ist unter folgenden Voraussetzungen m\u00f6glich:<\/p><p>Angabe des Copyrights: (c) HOCH4 Erlebniswelt Leopoldsberg Betriebs GmbH<\/p><p>Eine Verfremdung der Bilder ist nicht erlaubt.<\/p><p>Die Bilder d\u00fcrfen nicht f\u00fcr illegale Zwecke eingesetzt werden.<br \/>Belegexemplar erbeten an: HOCH4 Erlebniswelt Leopoldsberg Betriebs GmbH, Leystra\u00dfe 43 | 1200 Wien<\/p><p>Bitte beachten Sie in jedem Fall, bei Abdruck, Verwendung im Internet oder sonstiger Ver\u00f6ffentlichung den Copyright-Vermerk anzubringen.<\/p><p>Die Bilder d\u00fcrfen grunds\u00e4tzlich nicht f\u00fcr folgende Zwecke genutzt werden Lizenzierungen in jeglicher Form, Verkauf an Dritte.<\/p><p>Wir weisen darauf hin, dass f\u00fcr die Verletzung der oben genannten Nutzungsrechte und daraus resultierende Anspr\u00fcche des Urhebers allein der Nutzer einzustehen hat.<\/p>\t\t\t\t\t\t\t\t<\/div>\n\t\t\t\t<\/div>\n\t\t\t\t\t<\/div>\n\t\t<\/div>\n\t\t\t\t\t<\/div>\n\t\t<\/section>\n\t\t\t\t<\/div>\n\t\t","protected":false},"excerpt":{"rendered":"<p>Presse Presseinfo Ab 03. M\u00e4rz hat die Erlebniswelt Kahlenberg wieder ge\u00f6ffnet! Pressebilder \u00a9 HOCH4 Erlebniswelt Leopoldsberg Betriebs GmbHca. 452 MB PresseKontakt HOCH4 Erlebniswelt Leopoldsberg Betriebs GmbHChristian Martinek, MATel.: +43 1 407 31 30 0 E-Mail: presse@erlebniswelt-kahlenberg.atwww.erlebniswelt-kahlenberg.at Bildrechte Pressefotos Wenn Sie Bilder von dieser Website herunterladen, akzeptieren Sie folgende Nutzungsrechte: Alle Urheberrechte verbleiben bei den Rechteinhaber [&hellip;]<\/p>\n","protected":false},"author":1,"featured_media":0,"parent":0,"menu_order":0,"comment_status":"closed","ping_status":"closed","template":"","meta":{"footnotes":""},"class_list":["post-5248","page","type-page","status-publish","hentry"],"_links":{"self":[{"href":"https:\/\/waldseilpark.erlebniswelt-kahlenberg.at\/en_us\/wp-json\/wp\/v2\/pages\/5248","targetHints":{"allow":["GET"]}}],"collection":[{"href":"https:\/\/waldseilpark.erlebniswelt-kahlenberg.at\/en_us\/wp-json\/wp\/v2\/pages"}],"about":[{"href":"https:\/\/waldseilpark.erlebniswelt-kahlenberg.at\/en_us\/wp-json\/wp\/v2\/types\/page"}],"author":[{"embeddable":true,"href":"https:\/\/waldseilpark.erlebniswelt-kahlenberg.at\/en_us\/wp-json\/wp\/v2\/users\/1"}],"replies":[{"embeddable":true,"href":"https:\/\/waldseilpark.erlebniswelt-kahlenberg.at\/en_us\/wp-json\/wp\/v2\/comments?post=5248"}],"version-history":[{"count":0,"href":"https:\/\/waldseilpark.erlebniswelt-kahlenberg.at\/en_us\/wp-json\/wp\/v2\/pages\/5248\/revisions"}],"wp:attachment":[{"href":"https:\/\/waldseilpark.erlebniswelt-kahlenberg.at\/en_us\/wp-json\/wp\/v2\/media?parent=5248"}],"curies":[{"name":"wp","href":"https:\/\/api.w.org\/{rel}","templated":true}]}}